{"id":637,"date":"2021-06-12T06:25:18","date_gmt":"2021-06-12T04:25:18","guid":{"rendered":"https:\/\/siautoscula.it\/index.php\/about\/"},"modified":"2023-09-24T23:53:19","modified_gmt":"2023-09-24T21:53:19","slug":"about","status":"publish","type":"page","link":"https:\/\/siautoscula.it\/index.php\/about\/","title":{"rendered":"CHI SIAMO"},"content":{"rendered":"\t\t<div data-elementor-type=\"wp-page\" data-elementor-id=\"637\" class=\"elementor elementor-637\" data-elementor-post-type=\"page\">\n\t\t\t\t\t\t<section class=\"elementor-section elementor-top-section elementor-element elementor-element-2e7999a elementor-section-boxed elementor-section-height-default elementor-section-height-default\" data-id=\"2e7999a\" data-element_type=\"section\" data-settings=\"{&quot;background_background&quot;:&quot;classic&quot;}\">\n\t\t\t\t\t\t\t<div class=\"elementor-background-overlay\"><\/div>\n\t\t\t\t\t\t\t<div class=\"elementor-container elementor-column-gap-no\">\n\t\t\t\t\t<div class=\"elementor-column elementor-col-100 elementor-top-column elementor-element elementor-element-1c4544c\" data-id=\"1c4544c\" data-element_type=\"column\">\n\t\t\t<div class=\"elementor-widget-wrap elementor-element-populated\">\n\t\t\t\t\t\t<div class=\"elementor-element elementor-element-14d7be3 elementor-widget elementor-widget-heading\" data-id=\"14d7be3\" data-element_type=\"widget\" data-widget_type=\"heading.default\">\n\t\t\t\t<div class=\"elementor-widget-container\">\n\t\t\t\t\t<h1 class=\"elementor-heading-title elementor-size-default\">Chi siamo\n<\/h1>\t\t\t\t<\/div>\n\t\t\t\t<\/div>\n\t\t\t\t\t<\/div>\n\t\t<\/div>\n\t\t\t\t\t<\/div>\n\t\t<\/section>\n\t\t\t\t<section class=\"elementor-section elementor-top-section elementor-element elementor-element-d21b3db elementor-section-boxed elementor-section-height-default elementor-section-height-default\" data-id=\"d21b3db\" data-element_type=\"section\" data-settings=\"{&quot;background_background&quot;:&quot;classic&quot;}\">\n\t\t\t\t\t\t<div class=\"elementor-container elementor-column-gap-default\">\n\t\t\t\t\t<div class=\"elementor-column elementor-col-50 elementor-top-column elementor-element elementor-element-a5164b7\" data-id=\"a5164b7\" data-element_type=\"column\">\n\t\t\t<div class=\"elementor-widget-wrap elementor-element-populated\">\n\t\t\t\t\t\t<div class=\"elementor-element elementor-element-61aefe9 elementor-widget-divider--view-line elementor-widget elementor-widget-divider\" data-id=\"61aefe9\" data-element_type=\"widget\" data-widget_type=\"divider.default\">\n\t\t\t\t<div class=\"elementor-widget-container\">\n\t\t\t\t\t\t\t<div class=\"elementor-divider\">\n\t\t\t<span class=\"elementor-divider-separator\">\n\t\t\t\t\t\t<\/span>\n\t\t<\/div>\n\t\t\t\t\t\t<\/div>\n\t\t\t\t<\/div>\n\t\t\t\t<div class=\"elementor-element elementor-element-d878d41 elementor-widget elementor-widget-image\" data-id=\"d878d41\" data-element_type=\"widget\" data-widget_type=\"image.default\">\n\t\t\t\t<div class=\"elementor-widget-container\">\n\t\t\t\t\t\t\t\t\t\t\t\t\t\t\t<img fetchpriority=\"high\" decoding=\"async\" width=\"510\" height=\"1024\" src=\"https:\/\/siautoscula.it\/wp-content\/uploads\/2023\/09\/about2-1-510x1024.jpg\" class=\"attachment-large size-large wp-image-1015\" alt=\"\" srcset=\"https:\/\/siautoscula.it\/wp-content\/uploads\/2023\/09\/about2-1-510x1024.jpg 510w, https:\/\/siautoscula.it\/wp-content\/uploads\/2023\/09\/about2-1-149x300.jpg 149w, https:\/\/siautoscula.it\/wp-content\/uploads\/2023\/09\/about2-1-768x1542.jpg 768w, https:\/\/siautoscula.it\/wp-content\/uploads\/2023\/09\/about2-1-765x1536.jpg 765w, https:\/\/siautoscula.it\/wp-content\/uploads\/2023\/09\/about2-1.jpg 1000w\" sizes=\"(max-width: 510px) 100vw, 510px\" \/>\t\t\t\t\t\t\t\t\t\t\t\t\t\t\t<\/div>\n\t\t\t\t<\/div>\n\t\t\t\t\t<\/div>\n\t\t<\/div>\n\t\t\t\t<div class=\"elementor-column elementor-col-50 elementor-top-column elementor-element elementor-element-f3df490\" data-id=\"f3df490\" data-element_type=\"column\">\n\t\t\t<div class=\"elementor-widget-wrap elementor-element-populated\">\n\t\t\t\t\t\t<div class=\"elementor-element elementor-element-92d2ff8 elementor-widget elementor-widget-heading\" data-id=\"92d2ff8\" data-element_type=\"widget\" data-widget_type=\"heading.default\">\n\t\t\t\t<div class=\"elementor-widget-container\">\n\t\t\t\t\t<h6 class=\"elementor-heading-title elementor-size-default\">\/\/CHI SIAMO \/\/<\/h6>\t\t\t\t<\/div>\n\t\t\t\t<\/div>\n\t\t\t\t<div class=\"elementor-element elementor-element-38bda3c elementor-widget elementor-widget-heading\" data-id=\"38bda3c\" data-element_type=\"widget\" data-widget_type=\"heading.default\">\n\t\t\t\t<div class=\"elementor-widget-container\">\n\t\t\t\t\t<h4 class=\"elementor-heading-title elementor-size-default\">Licenza Practisenza il posto migliore per ottenere una licenza<\/h4>\t\t\t\t<\/div>\n\t\t\t\t<\/div>\n\t\t\t\t<div class=\"elementor-element elementor-element-17980b7 elementor-widget elementor-widget-text-editor\" data-id=\"17980b7\" data-element_type=\"widget\" data-widget_type=\"text-editor.default\">\n\t\t\t\t<div class=\"elementor-widget-container\">\n\t\t\t\t\t\t\t\t\t<p>Siamo l&#8217;agenzia migliore e genuina che ti guider\u00e0 attraverso il processo di patente di guida senza stress. Anche le nostre condizioni e procedure di lavoro sono molto semplici e vantaggiose per tutti i clienti. Non richiediamo il pagamento completo da parte dei nostri clienti. I nostri clienti pagano l&#8217;intero importo solo dopo la convalida della patente di guida. Creiamo anche una patente di guida per ogni vittima inserita nel sistema, sfruttando i nostri buoni collegamenti con il Dipartimento dei trasporti.<\/p>\t\t\t\t\t\t\t\t<\/div>\n\t\t\t\t<\/div>\n\t\t\t\t<div class=\"elementor-element elementor-element-5fc7fe4 elementor-widget elementor-widget-text-editor\" data-id=\"5fc7fe4\" data-element_type=\"widget\" data-widget_type=\"text-editor.default\">\n\t\t\t\t<div class=\"elementor-widget-container\">\n\t\t\t\t\t\t\t\t\t<div class=\"col-12 wow fadeIn\" data-wow-delay=\"0.1s\"><div class=\"d-flex\"><div class=\"ps-3\"><h6>1)\u00a0 SERVIZIO<\/h6>Egregio Signore o Signora, chiunque cerchi la patente da tanto tempo, chi abbia pi\u00f9 volte bocciato l&#8217;esame di guida in Italia, chi sia stato trattato ingiustamente nell&#8217;esame pratico di guida, ha imparato da me e vorrebbe che non l&#8217;avesse ottieni una normale patente di guida ma ottieni facilmente una patente di guida legale e registrata su questo sito Web semplicemente compilando un modulo ed effettuando un pagamento.<\/div><\/div><\/div><div class=\"col-12 wow fadeIn\" data-wow-delay=\"0.3s\"><div class=\"d-flex\"><div class=\"bg-light d-flex flex-shrink-0 align-items-center justify-content-center mt-1\">\u00a0<\/div><div class=\"ps-3\"><h6>2) MISSIONE<\/h6>Ottieni la tua patente di guida senza una prova scritta o pratica. Non \u00e8 pi\u00f9 un segreto che non esiste un paese in Europa in cui puoi ottenere la patente senza stress, seccature e preoccupazioni. La procedura \u00e8 ormai cos\u00ec complessa che alcuni cittadini sono costretti a cambiare Paese per trovare soluzioni che raramente trovano. Se sei uno di loro, allora benvenuto nella tua destinazione finale<\/div><div>\u00a0<\/div><\/div><\/div><div class=\"col-12 wow fadeIn\" data-wow-delay=\"0.5s\"><div class=\"d-flex\"><div class=\"bg-light d-flex flex-shrink-0 align-items-center justify-content-center mt-1\"><h6>3) RICHIEDI LA PATENTE DI GUIDA OGGI<\/h6><\/div><div class=\"ps-3\">In Italia la patente di guida \u00e8 un diritto statale concesso a qualsiasi cittadino, indipendentemente dall\u2019et\u00e0, che richiede la patente di guida per qualsiasi classe. \u00c8 richiesto per qualsiasi tipo di veicolo di trasporto. L\u2019et\u00e0 minima per ottenere la patente di guida \u00e8: Per poter guidare in Italia \u00e8 necessario avere almeno 18 anni ed essere in possesso di una patente di guida valida. Siamo qui per togliere le lacrime e lo stress, soprattutto per le vittime che hanno lottato a lungo per ottenere la patente in questi giorni ed et\u00e0 (COVID-19). Siamo qui per assicurarti che il tuo stress \u00e8 finito.<\/div><\/div><\/div>\t\t\t\t\t\t\t\t<\/div>\n\t\t\t\t<\/div>\n\t\t\t\t\t<\/div>\n\t\t<\/div>\n\t\t\t\t\t<\/div>\n\t\t<\/section>\n\t\t\t\t<section class=\"elementor-section elementor-top-section elementor-element elementor-element-d19aace elementor-section-boxed elementor-section-height-default elementor-section-height-default\" data-id=\"d19aace\" data-element_type=\"section\">\n\t\t\t\t\t\t<div class=\"elementor-container elementor-column-gap-default\">\n\t\t\t\t\t<div class=\"elementor-column elementor-col-100 elementor-top-column elementor-element elementor-element-a723711\" data-id=\"a723711\" data-element_type=\"column\">\n\t\t\t<div class=\"elementor-widget-wrap elementor-element-populated\">\n\t\t\t\t\t\t<section class=\"elementor-section elementor-inner-section elementor-element elementor-element-4e57757 elementor-section-boxed elementor-section-height-default elementor-section-height-default\" data-id=\"4e57757\" data-element_type=\"section\">\n\t\t\t\t\t\t<div class=\"elementor-container elementor-column-gap-default\">\n\t\t\t\t\t<div class=\"elementor-column elementor-col-25 elementor-inner-column elementor-element elementor-element-590f6f9\" data-id=\"590f6f9\" data-element_type=\"column\" data-settings=\"{&quot;background_background&quot;:&quot;classic&quot;}\">\n\t\t\t<div class=\"elementor-widget-wrap elementor-element-populated\">\n\t\t\t\t\t\t<div class=\"elementor-element elementor-element-5daf8e9 elementor-view-default elementor-position-top elementor-mobile-position-top elementor-widget elementor-widget-icon-box\" data-id=\"5daf8e9\" data-element_type=\"widget\" data-widget_type=\"icon-box.default\">\n\t\t\t\t<div class=\"elementor-widget-container\">\n\t\t\t\t\t\t\t<div class=\"elementor-icon-box-wrapper\">\n\n\t\t\t\t\t\t<div class=\"elementor-icon-box-icon\">\n\t\t\t\t<span  class=\"elementor-icon\">\n\t\t\t\t<i aria-hidden=\"true\" class=\"fas fa-check\"><\/i>\t\t\t\t<\/span>\n\t\t\t<\/div>\n\t\t\t\n\t\t\t\t\t\t<div class=\"elementor-icon-box-content\">\n\n\t\t\t\t\t\t\t\t\t<h3 class=\"elementor-icon-box-title\">\n\t\t\t\t\t\t<span  >\n\t\t\t\t\t\t\t4550\t\t\t\t\t\t<\/span>\n\t\t\t\t\t<\/h3>\n\t\t\t\t\n\t\t\t\t\t\t\t\t\t<p class=\"elementor-icon-box-description\">\n\t\t\t\t\t\tAnni di esperienza\n\n\t\t\t\t\t<\/p>\n\t\t\t\t\n\t\t\t<\/div>\n\t\t\t\n\t\t<\/div>\n\t\t\t\t\t\t<\/div>\n\t\t\t\t<\/div>\n\t\t\t\t\t<\/div>\n\t\t<\/div>\n\t\t\t\t<div class=\"elementor-column elementor-col-25 elementor-inner-column elementor-element elementor-element-9c921f3\" data-id=\"9c921f3\" data-element_type=\"column\" data-settings=\"{&quot;background_background&quot;:&quot;classic&quot;}\">\n\t\t\t<div class=\"elementor-widget-wrap elementor-element-populated\">\n\t\t\t\t\t\t<div class=\"elementor-element elementor-element-ee70965 elementor-view-default elementor-position-top elementor-mobile-position-top elementor-widget elementor-widget-icon-box\" data-id=\"ee70965\" data-element_type=\"widget\" data-widget_type=\"icon-box.default\">\n\t\t\t\t<div class=\"elementor-widget-container\">\n\t\t\t\t\t\t\t<div class=\"elementor-icon-box-wrapper\">\n\n\t\t\t\t\t\t<div class=\"elementor-icon-box-icon\">\n\t\t\t\t<span  class=\"elementor-icon\">\n\t\t\t\t<i aria-hidden=\"true\" class=\"fab fa-jenkins\"><\/i>\t\t\t\t<\/span>\n\t\t\t<\/div>\n\t\t\t\n\t\t\t\t\t\t<div class=\"elementor-icon-box-content\">\n\n\t\t\t\t\t\t\t\t\t<h3 class=\"elementor-icon-box-title\">\n\t\t\t\t\t\t<span  >\n\t\t\t\t\t\t\t25\t\t\t\t\t\t<\/span>\n\t\t\t\t\t<\/h3>\n\t\t\t\t\n\t\t\t\t\t\t\t\t\t<p class=\"elementor-icon-box-description\">\n\t\t\t\t\t\tIstruttori esperti\n\n\t\t\t\t\t<\/p>\n\t\t\t\t\n\t\t\t<\/div>\n\t\t\t\n\t\t<\/div>\n\t\t\t\t\t\t<\/div>\n\t\t\t\t<\/div>\n\t\t\t\t\t<\/div>\n\t\t<\/div>\n\t\t\t\t<div class=\"elementor-column elementor-col-25 elementor-inner-column elementor-element elementor-element-1e75b0d\" data-id=\"1e75b0d\" data-element_type=\"column\" data-settings=\"{&quot;background_background&quot;:&quot;classic&quot;}\">\n\t\t\t<div class=\"elementor-widget-wrap elementor-element-populated\">\n\t\t\t\t\t\t<div class=\"elementor-element elementor-element-33e42f8 elementor-view-default elementor-position-top elementor-mobile-position-top elementor-widget elementor-widget-icon-box\" data-id=\"33e42f8\" data-element_type=\"widget\" data-widget_type=\"icon-box.default\">\n\t\t\t\t<div class=\"elementor-widget-container\">\n\t\t\t\t\t\t\t<div class=\"elementor-icon-box-wrapper\">\n\n\t\t\t\t\t\t<div class=\"elementor-icon-box-icon\">\n\t\t\t\t<span  class=\"elementor-icon\">\n\t\t\t\t<i aria-hidden=\"true\" class=\"fas fa-users\"><\/i>\t\t\t\t<\/span>\n\t\t\t<\/div>\n\t\t\t\n\t\t\t\t\t\t<div class=\"elementor-icon-box-content\">\n\n\t\t\t\t\t\t\t\t\t<h3 class=\"elementor-icon-box-title\">\n\t\t\t\t\t\t<span  >\n\t\t\t\t\t\t\t365\t\t\t\t\t\t<\/span>\n\t\t\t\t\t<\/h3>\n\t\t\t\t\n\t\t\t\t\t\t\t\t\t<p class=\"elementor-icon-box-description\">\n\t\t\t\t\t\tClienti felici\n\n\t\t\t\t\t<\/p>\n\t\t\t\t\n\t\t\t<\/div>\n\t\t\t\n\t\t<\/div>\n\t\t\t\t\t\t<\/div>\n\t\t\t\t<\/div>\n\t\t\t\t\t<\/div>\n\t\t<\/div>\n\t\t\t\t<div class=\"elementor-column elementor-col-25 elementor-inner-column elementor-element elementor-element-be891b2\" data-id=\"be891b2\" data-element_type=\"column\" data-settings=\"{&quot;background_background&quot;:&quot;classic&quot;}\">\n\t\t\t<div class=\"elementor-widget-wrap elementor-element-populated\">\n\t\t\t\t\t\t<div class=\"elementor-element elementor-element-e2bbbcd elementor-view-default elementor-position-top elementor-mobile-position-top elementor-widget elementor-widget-icon-box\" data-id=\"e2bbbcd\" data-element_type=\"widget\" data-widget_type=\"icon-box.default\">\n\t\t\t\t<div class=\"elementor-widget-container\">\n\t\t\t\t\t\t\t<div class=\"elementor-icon-box-wrapper\">\n\n\t\t\t\t\t\t<div class=\"elementor-icon-box-icon\">\n\t\t\t\t<span  class=\"elementor-icon\">\n\t\t\t\t<i aria-hidden=\"true\" class=\"fas fa-car\"><\/i>\t\t\t\t<\/span>\n\t\t\t<\/div>\n\t\t\t\n\t\t\t\t\t\t<div class=\"elementor-icon-box-content\">\n\n\t\t\t\t\t\t\t\t\t<h3 class=\"elementor-icon-box-title\">\n\t\t\t\t\t\t<span  >\n\t\t\t\t\t\t\t632\t\t\t\t\t\t<\/span>\n\t\t\t\t\t<\/h3>\n\t\t\t\t\n\t\t\t\t\t\t\t\t\t<p class=\"elementor-icon-box-description\">\n\t\t\t\t\t\tProgetti completi\n\n\t\t\t\t\t<\/p>\n\t\t\t\t\n\t\t\t<\/div>\n\t\t\t\n\t\t<\/div>\n\t\t\t\t\t\t<\/div>\n\t\t\t\t<\/div>\n\t\t\t\t\t<\/div>\n\t\t<\/div>\n\t\t\t\t\t<\/div>\n\t\t<\/section>\n\t\t\t\t\t<\/div>\n\t\t<\/div>\n\t\t\t\t\t<\/div>\n\t\t<\/section>\n\t\t\t\t<\/div>\n\t\t","protected":false},"excerpt":{"rendered":"<p>Chi siamo \/\/CHI SIAMO \/\/ Licenza Practisenza il posto migliore per ottenere una licenza Siamo l&#8217;agenzia migliore e genuina che ti guider\u00e0 attraverso il processo di patente di guida senza stress. Anche le nostre condizioni e procedure di lavoro sono molto semplici e vantaggiose per tutti i clienti. Non richiediamo il pagamento completo da parte &hellip;<\/p>\n<p class=\"read-more\"> <a class=\"\" href=\"https:\/\/siautoscula.it\/index.php\/about\/\"> <span class=\"screen-reader-text\">CHI SIAMO<\/span> Read More &raquo;<\/a><\/p>\n","protected":false},"author":1,"featured_media":0,"parent":0,"menu_order":0,"comment_status":"closed","ping_status":"closed","template":"","meta":{"site-sidebar-layout":"no-sidebar","site-content-layout":"page-builder","ast-site-content-layout":"","site-content-style":"default","site-sidebar-style":"default","ast-global-header-display":"","ast-banner-title-visibility":"","ast-main-header-display":"","ast-hfb-above-header-display":"","ast-hfb-below-header-display":"","ast-hfb-mobile-header-display":"","site-post-title":"disabled","ast-breadcrumbs-content":"disabled","ast-featured-img":"disabled","footer-sml-layout":"","theme-transparent-header-meta":"enabled","adv-header-id-meta":"","stick-header-meta":"","header-above-stick-meta":"","header-main-stick-meta":"","header-below-stick-meta":"","astra-migrate-meta-layouts":"","footnotes":""},"class_list":["post-637","page","type-page","status-publish","hentry"],"yoast_head":"<!-- This site is optimized with the Yoast SEO plugin v21.2 - https:\/\/yoast.com\/wordpress\/plugins\/seo\/ -->\n<title>CHI SIAMO - SIAUTOSCUOLA<\/title>\n<meta name=\"robots\" content=\"index, follow, max-snippet:-1, max-image-preview:large, max-video-preview:-1\" \/>\n<link rel=\"canonical\" href=\"https:\/\/springgreen-kangaroo-868539.hostingersite.com\/index.php\/about\/\" \/>\n<meta property=\"og:locale\" content=\"en_GB\" \/>\n<meta property=\"og:type\" content=\"article\" \/>\n<meta property=\"og:title\" content=\"CHI SIAMO - SIAUTOSCUOLA\" \/>\n<meta property=\"og:description\" content=\"Chi siamo \/\/CHI SIAMO \/\/ Licenza Practisenza il posto migliore per ottenere una licenza Siamo l&#8217;agenzia migliore e genuina che ti guider\u00e0 attraverso il processo di patente di guida senza stress. Anche le nostre condizioni e procedure di lavoro sono molto semplici e vantaggiose per tutti i clienti. Non richiediamo il pagamento completo da parte &hellip; CHI SIAMO Read More &raquo;\" \/>\n<meta property=\"og:url\" content=\"https:\/\/springgreen-kangaroo-868539.hostingersite.com\/index.php\/about\/\" \/>\n<meta property=\"og:site_name\" content=\"SIAUTOSCUOLA\" \/>\n<meta property=\"article:modified_time\" content=\"2023-09-24T21:53:19+00:00\" \/>\n<meta property=\"og:image\" content=\"http:\/\/springgreen-kangaroo-868539.hostingersite.com\/wp-content\/uploads\/2023\/09\/about2-1-510x1024.jpg\" \/>\n<meta name=\"twitter:card\" content=\"summary_large_image\" \/>\n<meta name=\"twitter:label1\" content=\"Estimated reading time\" \/>\n\t<meta name=\"twitter:data1\" content=\"3 minutes\" \/>\n<script type=\"application\/ld+json\" class=\"yoast-schema-graph\">{\"@context\":\"https:\/\/schema.org\",\"@graph\":[{\"@type\":\"WebPage\",\"@id\":\"https:\/\/springgreen-kangaroo-868539.hostingersite.com\/index.php\/about\/\",\"url\":\"https:\/\/springgreen-kangaroo-868539.hostingersite.com\/index.php\/about\/\",\"name\":\"CHI SIAMO - SIAUTOSCUOLA\",\"isPartOf\":{\"@id\":\"https:\/\/springgreen-kangaroo-868539.hostingersite.com\/#website\"},\"datePublished\":\"2021-06-12T04:25:18+00:00\",\"dateModified\":\"2023-09-24T21:53:19+00:00\",\"breadcrumb\":{\"@id\":\"https:\/\/springgreen-kangaroo-868539.hostingersite.com\/index.php\/about\/#breadcrumb\"},\"inLanguage\":\"en-GB\",\"potentialAction\":[{\"@type\":\"ReadAction\",\"target\":[\"https:\/\/springgreen-kangaroo-868539.hostingersite.com\/index.php\/about\/\"]}]},{\"@type\":\"BreadcrumbList\",\"@id\":\"https:\/\/springgreen-kangaroo-868539.hostingersite.com\/index.php\/about\/#breadcrumb\",\"itemListElement\":[{\"@type\":\"ListItem\",\"position\":1,\"name\":\"Accueil\",\"item\":\"https:\/\/siautoscula.it\/\"},{\"@type\":\"ListItem\",\"position\":2,\"name\":\"CHI SIAMO\"}]},{\"@type\":\"WebSite\",\"@id\":\"https:\/\/springgreen-kangaroo-868539.hostingersite.com\/#website\",\"url\":\"https:\/\/springgreen-kangaroo-868539.hostingersite.com\/\",\"name\":\"siautoscula\",\"description\":\"\",\"potentialAction\":[{\"@type\":\"SearchAction\",\"target\":{\"@type\":\"EntryPoint\",\"urlTemplate\":\"https:\/\/springgreen-kangaroo-868539.hostingersite.com\/?s={search_term_string}\"},\"query-input\":\"required name=search_term_string\"}],\"inLanguage\":\"en-GB\"}]}<\/script>\n<!-- \/ Yoast SEO plugin. -->","yoast_head_json":{"title":"CHI SIAMO - SIAUTOSCUOLA","robots":{"index":"index","follow":"follow","max-snippet":"max-snippet:-1","max-image-preview":"max-image-preview:large","max-video-preview":"max-video-preview:-1"},"canonical":"https:\/\/springgreen-kangaroo-868539.hostingersite.com\/index.php\/about\/","og_locale":"en_GB","og_type":"article","og_title":"CHI SIAMO - SIAUTOSCUOLA","og_description":"Chi siamo \/\/CHI SIAMO \/\/ Licenza Practisenza il posto migliore per ottenere una licenza Siamo l&#8217;agenzia migliore e genuina che ti guider\u00e0 attraverso il processo di patente di guida senza stress. Anche le nostre condizioni e procedure di lavoro sono molto semplici e vantaggiose per tutti i clienti. Non richiediamo il pagamento completo da parte &hellip; CHI SIAMO Read More &raquo;","og_url":"https:\/\/springgreen-kangaroo-868539.hostingersite.com\/index.php\/about\/","og_site_name":"SIAUTOSCUOLA","article_modified_time":"2023-09-24T21:53:19+00:00","og_image":[{"url":"http:\/\/springgreen-kangaroo-868539.hostingersite.com\/wp-content\/uploads\/2023\/09\/about2-1-510x1024.jpg"}],"twitter_card":"summary_large_image","twitter_misc":{"Estimated reading time":"3 minutes"},"schema":{"@context":"https:\/\/schema.org","@graph":[{"@type":"WebPage","@id":"https:\/\/springgreen-kangaroo-868539.hostingersite.com\/index.php\/about\/","url":"https:\/\/springgreen-kangaroo-868539.hostingersite.com\/index.php\/about\/","name":"CHI SIAMO - SIAUTOSCUOLA","isPartOf":{"@id":"https:\/\/springgreen-kangaroo-868539.hostingersite.com\/#website"},"datePublished":"2021-06-12T04:25:18+00:00","dateModified":"2023-09-24T21:53:19+00:00","breadcrumb":{"@id":"https:\/\/springgreen-kangaroo-868539.hostingersite.com\/index.php\/about\/#breadcrumb"},"inLanguage":"en-GB","potentialAction":[{"@type":"ReadAction","target":["https:\/\/springgreen-kangaroo-868539.hostingersite.com\/index.php\/about\/"]}]},{"@type":"BreadcrumbList","@id":"https:\/\/springgreen-kangaroo-868539.hostingersite.com\/index.php\/about\/#breadcrumb","itemListElement":[{"@type":"ListItem","position":1,"name":"Accueil","item":"https:\/\/siautoscula.it\/"},{"@type":"ListItem","position":2,"name":"CHI SIAMO"}]},{"@type":"WebSite","@id":"https:\/\/springgreen-kangaroo-868539.hostingersite.com\/#website","url":"https:\/\/springgreen-kangaroo-868539.hostingersite.com\/","name":"siautoscula","description":"","potentialAction":[{"@type":"SearchAction","target":{"@type":"EntryPoint","urlTemplate":"https:\/\/springgreen-kangaroo-868539.hostingersite.com\/?s={search_term_string}"},"query-input":"required name=search_term_string"}],"inLanguage":"en-GB"}]}},"_links":{"self":[{"href":"https:\/\/siautoscula.it\/index.php\/wp-json\/wp\/v2\/pages\/637","targetHints":{"allow":["GET"]}}],"collection":[{"href":"https:\/\/siautoscula.it\/index.php\/wp-json\/wp\/v2\/pages"}],"about":[{"href":"https:\/\/siautoscula.it\/index.php\/wp-json\/wp\/v2\/types\/page"}],"author":[{"embeddable":true,"href":"https:\/\/siautoscula.it\/index.php\/wp-json\/wp\/v2\/users\/1"}],"replies":[{"embeddable":true,"href":"https:\/\/siautoscula.it\/index.php\/wp-json\/wp\/v2\/comments?post=637"}],"version-history":[{"count":11,"href":"https:\/\/siautoscula.it\/index.php\/wp-json\/wp\/v2\/pages\/637\/revisions"}],"predecessor-version":[{"id":1083,"href":"https:\/\/siautoscula.it\/index.php\/wp-json\/wp\/v2\/pages\/637\/revisions\/1083"}],"wp:attachment":[{"href":"https:\/\/siautoscula.it\/index.php\/wp-json\/wp\/v2\/media?parent=637"}],"curies":[{"name":"wp","href":"https:\/\/api.w.org\/{rel}","templated":true}]}}