{"id":939,"date":"2021-06-12T06:25:44","date_gmt":"2021-06-12T04:25:44","guid":{"rendered":"https:\/\/siautoscula.it\/index.php\/services\/"},"modified":"2025-06-10T18:57:45","modified_gmt":"2025-06-10T16:57:45","slug":"services","status":"publish","type":"page","link":"https:\/\/siautoscula.it\/index.php\/services\/","title":{"rendered":"SERVIZI"},"content":{"rendered":"\t\t<div data-elementor-type=\"wp-page\" data-elementor-id=\"939\" class=\"elementor elementor-939\" data-elementor-post-type=\"page\">\n\t\t\t\t\t\t<section class=\"elementor-section elementor-top-section elementor-element elementor-element-623ea53 elementor-section-boxed elementor-section-height-default elementor-section-height-default\" data-id=\"623ea53\" data-element_type=\"section\" data-settings=\"{&quot;background_background&quot;:&quot;classic&quot;}\">\n\t\t\t\t\t\t\t<div class=\"elementor-background-overlay\"><\/div>\n\t\t\t\t\t\t\t<div class=\"elementor-container elementor-column-gap-no\">\n\t\t\t\t\t<div class=\"elementor-column elementor-col-100 elementor-top-column elementor-element elementor-element-21ddeff\" data-id=\"21ddeff\" data-element_type=\"column\">\n\t\t\t<div class=\"elementor-widget-wrap elementor-element-populated\">\n\t\t\t\t\t\t<div class=\"elementor-element elementor-element-a09d3bc elementor-widget elementor-widget-heading\" data-id=\"a09d3bc\" data-element_type=\"widget\" data-widget_type=\"heading.default\">\n\t\t\t\t<div class=\"elementor-widget-container\">\n\t\t\t\t\t<h1 class=\"elementor-heading-title elementor-size-default\">servizi<\/h1>\t\t\t\t<\/div>\n\t\t\t\t<\/div>\n\t\t\t\t\t<\/div>\n\t\t<\/div>\n\t\t\t\t\t<\/div>\n\t\t<\/section>\n\t\t\t\t<section class=\"elementor-section elementor-top-section elementor-element elementor-element-e6eecd6 elementor-section-boxed elementor-section-height-default elementor-section-height-default\" data-id=\"e6eecd6\" data-element_type=\"section\" data-settings=\"{&quot;background_background&quot;:&quot;classic&quot;}\">\n\t\t\t\t\t\t\t<div class=\"elementor-background-overlay\"><\/div>\n\t\t\t\t\t\t\t<div class=\"elementor-container elementor-column-gap-no\">\n\t\t\t\t\t<div class=\"elementor-column elementor-col-100 elementor-top-column elementor-element elementor-element-75764c5\" data-id=\"75764c5\" data-element_type=\"column\">\n\t\t\t<div class=\"elementor-widget-wrap elementor-element-populated\">\n\t\t\t\t\t\t<div class=\"elementor-element elementor-element-a3030da elementor-widget elementor-widget-heading\" data-id=\"a3030da\" data-element_type=\"widget\" data-widget_type=\"heading.default\">\n\t\t\t\t<div class=\"elementor-widget-container\">\n\t\t\t\t\t<h6 class=\"elementor-heading-title elementor-size-default\">\/\/SERVIZI \/\/\n<\/h6>\t\t\t\t<\/div>\n\t\t\t\t<\/div>\n\t\t\t\t<div class=\"elementor-element elementor-element-1dbc89b elementor-widget elementor-widget-heading\" data-id=\"1dbc89b\" data-element_type=\"widget\" data-widget_type=\"heading.default\">\n\t\t\t\t<div class=\"elementor-widget-container\">\n\t\t\t\t\t<h2 class=\"elementor-heading-title elementor-size-default\">Esplora i nostri servizi\n\n<\/h2>\t\t\t\t<\/div>\n\t\t\t\t<\/div>\n\t\t\t\t\t<\/div>\n\t\t<\/div>\n\t\t\t\t\t<\/div>\n\t\t<\/section>\n\t\t<div class=\"elementor-element elementor-element-6c65d08 e-flex e-con-boxed e-con e-parent\" data-id=\"6c65d08\" data-element_type=\"container\">\n\t\t\t\t\t<div class=\"e-con-inner\">\n\t\t<div class=\"elementor-element elementor-element-6e23161 e-con-full e-flex e-con e-child\" data-id=\"6e23161\" data-element_type=\"container\">\n\t\t\t\t<div class=\"elementor-element elementor-element-ed0529d elementor-align-center elementor-icon-list--layout-traditional elementor-list-item-link-full_width elementor-widget elementor-widget-icon-list\" data-id=\"ed0529d\" data-element_type=\"widget\" data-widget_type=\"icon-list.default\">\n\t\t\t\t<div class=\"elementor-widget-container\">\n\t\t\t\t\t\t\t<ul class=\"elementor-icon-list-items\">\n\t\t\t\t\t\t\t<li class=\"elementor-icon-list-item\">\n\t\t\t\t\t\t\t\t\t\t\t<span class=\"elementor-icon-list-icon\">\n\t\t\t\t\t\t\t<i aria-hidden=\"true\" class=\"fas fa-grip-lines-vertical\"><\/i>\t\t\t\t\t\t<\/span>\n\t\t\t\t\t\t\t\t\t\t<span class=\"elementor-icon-list-text\"> esperienza tanto necessaria<\/span>\n\t\t\t\t\t\t\t\t\t<\/li>\n\t\t\t\t\t\t<\/ul>\n\t\t\t\t\t\t<\/div>\n\t\t\t\t<\/div>\n\t\t\t\t<div class=\"elementor-element elementor-element-fabc7ef elementor-widget elementor-widget-image\" data-id=\"fabc7ef\" data-element_type=\"widget\" data-widget_type=\"image.default\">\n\t\t\t\t<div class=\"elementor-widget-container\">\n\t\t\t\t\t\t\t\t\t\t\t\t\t\t\t<img fetchpriority=\"high\" decoding=\"async\" width=\"500\" height=\"600\" src=\"https:\/\/siautoscula.it\/wp-content\/uploads\/2023\/09\/service-1.jpg\" class=\"attachment-large size-large wp-image-985\" alt=\"\" srcset=\"https:\/\/siautoscula.it\/wp-content\/uploads\/2023\/09\/service-1.jpg 500w, https:\/\/siautoscula.it\/wp-content\/uploads\/2023\/09\/service-1-250x300.jpg 250w\" sizes=\"(max-width: 500px) 100vw, 500px\" \/>\t\t\t\t\t\t\t\t\t\t\t\t\t\t\t<\/div>\n\t\t\t\t<\/div>\n\t\t\t\t<div class=\"elementor-element elementor-element-18134e1 elementor-widget elementor-widget-text-editor\" data-id=\"18134e1\" data-element_type=\"widget\" data-widget_type=\"text-editor.default\">\n\t\t\t\t<div class=\"elementor-widget-container\">\n\t\t\t\t\t\t\t\t\t<h3 class=\"mb-3\">esperienza tanto necessaria<\/h3><p class=\"mb-4\">Anche la teoria dell&#8217;apprendimento \u00e8 rilevante. Una buona la conoscenza del codice della strada pu\u00f2 fornire al potenziale guidatore a migliore comprensione del complesso arte di guidare. Anche le autoscuole offrire ulteriori test di teoria a testare la conoscenza del potenziale autisti. Anche loro fanno un miglio in pi\u00f9 per prenotare i test per gli studenti.<\/p>\t\t\t\t\t\t\t\t<\/div>\n\t\t\t\t<\/div>\n\t\t\t\t<\/div>\n\t\t<div class=\"elementor-element elementor-element-45a1154 e-con-full e-flex e-con e-child\" data-id=\"45a1154\" data-element_type=\"container\">\n\t\t\t\t<div class=\"elementor-element elementor-element-f701375 elementor-align-center elementor-icon-list--layout-traditional elementor-list-item-link-full_width elementor-widget elementor-widget-icon-list\" data-id=\"f701375\" data-element_type=\"widget\" data-widget_type=\"icon-list.default\">\n\t\t\t\t<div class=\"elementor-widget-container\">\n\t\t\t\t\t\t\t<ul class=\"elementor-icon-list-items\">\n\t\t\t\t\t\t\t<li class=\"elementor-icon-list-item\">\n\t\t\t\t\t\t\t\t\t\t\t<span class=\"elementor-icon-list-icon\">\n\t\t\t\t\t\t\t<i aria-hidden=\"true\" class=\"fas fa-car-alt\"><\/i>\t\t\t\t\t\t<\/span>\n\t\t\t\t\t\t\t\t\t\t<span class=\"elementor-icon-list-text\">Navigazione del traffico.  applicare la teoria<\/span>\n\t\t\t\t\t\t\t\t\t<\/li>\n\t\t\t\t\t\t<\/ul>\n\t\t\t\t\t\t<\/div>\n\t\t\t\t<\/div>\n\t\t\t\t<div class=\"elementor-element elementor-element-b39c960 elementor-widget elementor-widget-image\" data-id=\"b39c960\" data-element_type=\"widget\" data-widget_type=\"image.default\">\n\t\t\t\t<div class=\"elementor-widget-container\">\n\t\t\t\t\t\t\t\t\t\t\t\t\t\t\t<img decoding=\"async\" width=\"500\" height=\"600\" src=\"https:\/\/siautoscula.it\/wp-content\/uploads\/2023\/09\/service-2.jpg\" class=\"attachment-large size-large wp-image-987\" alt=\"\" srcset=\"https:\/\/siautoscula.it\/wp-content\/uploads\/2023\/09\/service-2.jpg 500w, https:\/\/siautoscula.it\/wp-content\/uploads\/2023\/09\/service-2-250x300.jpg 250w\" sizes=\"(max-width: 500px) 100vw, 500px\" \/>\t\t\t\t\t\t\t\t\t\t\t\t\t\t\t<\/div>\n\t\t\t\t<\/div>\n\t\t\t\t<div class=\"elementor-element elementor-element-c55bb30 elementor-widget elementor-widget-text-editor\" data-id=\"c55bb30\" data-element_type=\"widget\" data-widget_type=\"text-editor.default\">\n\t\t\t\t<div class=\"elementor-widget-container\">\n\t\t\t\t\t\t\t\t\t<h3 class=\"mb-3\">Navigazione del traffico<\/h3><p class=\"mb-4\">Ogni istruttore di guida parler\u00e0 apertamente sulle buone abitudini di guida perch\u00e9 l&#8217;apprendimento la teoria non chiude il cerchio di conoscenza della complessa area di guida. Tutti gli istruttori di guida hanno un molta esperienza e possono osservare ogni studente mentre guida per affrontare e correggere eventuali problemi che potrebbero avere.<\/p>\t\t\t\t\t\t\t\t<\/div>\n\t\t\t\t<\/div>\n\t\t\t\t<\/div>\n\t\t\t\t\t<\/div>\n\t\t\t\t<\/div>\n\t\t<div class=\"elementor-element elementor-element-9ed889f e-flex e-con-boxed e-con e-parent\" data-id=\"9ed889f\" data-element_type=\"container\">\n\t\t\t\t\t<div class=\"e-con-inner\">\n\t\t<div class=\"elementor-element elementor-element-e631d74 e-con-full e-flex e-con e-child\" data-id=\"e631d74\" data-element_type=\"container\">\n\t\t\t\t<div class=\"elementor-element elementor-element-5e586e4 elementor-align-center elementor-icon-list--layout-traditional elementor-list-item-link-full_width elementor-widget elementor-widget-icon-list\" data-id=\"5e586e4\" data-element_type=\"widget\" data-widget_type=\"icon-list.default\">\n\t\t\t\t<div class=\"elementor-widget-container\">\n\t\t\t\t\t\t\t<ul class=\"elementor-icon-list-items\">\n\t\t\t\t\t\t\t<li class=\"elementor-icon-list-item\">\n\t\t\t\t\t\t\t\t\t\t\t<span class=\"elementor-icon-list-icon\">\n\t\t\t\t\t\t\t<i aria-hidden=\"true\" class=\"fas fa-user-cog\"><\/i>\t\t\t\t\t\t<\/span>\n\t\t\t\t\t\t\t\t\t\t<span class=\"elementor-icon-list-text\">applicare la teoria<\/span>\n\t\t\t\t\t\t\t\t\t<\/li>\n\t\t\t\t\t\t<\/ul>\n\t\t\t\t\t\t<\/div>\n\t\t\t\t<\/div>\n\t\t\t\t<div class=\"elementor-element elementor-element-c8e9d2e elementor-widget elementor-widget-image\" data-id=\"c8e9d2e\" data-element_type=\"widget\" data-widget_type=\"image.default\">\n\t\t\t\t<div class=\"elementor-widget-container\">\n\t\t\t\t\t\t\t\t\t\t\t\t\t\t\t<img decoding=\"async\" width=\"500\" height=\"600\" src=\"https:\/\/siautoscula.it\/wp-content\/uploads\/2023\/09\/service-3.jpg\" class=\"attachment-large size-large wp-image-988\" alt=\"\" srcset=\"https:\/\/siautoscula.it\/wp-content\/uploads\/2023\/09\/service-3.jpg 500w, https:\/\/siautoscula.it\/wp-content\/uploads\/2023\/09\/service-3-250x300.jpg 250w\" sizes=\"(max-width: 500px) 100vw, 500px\" \/>\t\t\t\t\t\t\t\t\t\t\t\t\t\t\t<\/div>\n\t\t\t\t<\/div>\n\t\t\t\t<div class=\"elementor-element elementor-element-36b5874 elementor-widget elementor-widget-text-editor\" data-id=\"36b5874\" data-element_type=\"widget\" data-widget_type=\"text-editor.default\">\n\t\t\t\t<div class=\"elementor-widget-container\">\n\t\t\t\t\t\t\t\t\t<h3 class=\"mb-3\">applicare la teoria<\/h3><p class=\"mb-4\">Le buone abitudini di guida includono il controllo di tutti gli specchietti, guida difensiva autostrade trafficate, il tanto necessario fiducia sulla strada, e molti pi\u00f9 abitudini di guida possono salvare a la vita dello studente in alcune situazioni. Qui \u00e8 dove l&#8217;esperienza di un bene, l&#8217;istruttore di guida premuroso \u00e8 completamente mostrato.<\/p>\t\t\t\t\t\t\t\t<\/div>\n\t\t\t\t<\/div>\n\t\t\t\t<\/div>\n\t\t<div class=\"elementor-element elementor-element-3cf0bd8 e-con-full e-flex e-con e-child\" data-id=\"3cf0bd8\" data-element_type=\"container\">\n\t\t\t\t<div class=\"elementor-element elementor-element-f88a75e elementor-align-center elementor-icon-list--layout-traditional elementor-list-item-link-full_width elementor-widget elementor-widget-icon-list\" data-id=\"f88a75e\" data-element_type=\"widget\" data-widget_type=\"icon-list.default\">\n\t\t\t\t<div class=\"elementor-widget-container\">\n\t\t\t\t\t\t\t<ul class=\"elementor-icon-list-items\">\n\t\t\t\t\t\t\t<li class=\"elementor-icon-list-item\">\n\t\t\t\t\t\t\t\t\t\t\t<span class=\"elementor-icon-list-icon\">\n\t\t\t\t\t\t\t<i aria-hidden=\"true\" class=\"fas fa-user-cog\"><\/i>\t\t\t\t\t\t<\/span>\n\t\t\t\t\t\t\t\t\t\t<span class=\"elementor-icon-list-text\"> Evita gli incidenti stradali.<\/span>\n\t\t\t\t\t\t\t\t\t<\/li>\n\t\t\t\t\t\t<\/ul>\n\t\t\t\t\t\t<\/div>\n\t\t\t\t<\/div>\n\t\t\t\t<div class=\"elementor-element elementor-element-58bb213 elementor-widget elementor-widget-image\" data-id=\"58bb213\" data-element_type=\"widget\" data-widget_type=\"image.default\">\n\t\t\t\t<div class=\"elementor-widget-container\">\n\t\t\t\t\t\t\t\t\t\t\t\t\t\t\t<img loading=\"lazy\" decoding=\"async\" width=\"500\" height=\"600\" src=\"https:\/\/siautoscula.it\/wp-content\/uploads\/2023\/09\/service-4.jpg\" class=\"attachment-large size-large wp-image-989\" alt=\"\" srcset=\"https:\/\/siautoscula.it\/wp-content\/uploads\/2023\/09\/service-4.jpg 500w, https:\/\/siautoscula.it\/wp-content\/uploads\/2023\/09\/service-4-250x300.jpg 250w\" sizes=\"(max-width: 500px) 100vw, 500px\" \/>\t\t\t\t\t\t\t\t\t\t\t\t\t\t\t<\/div>\n\t\t\t\t<\/div>\n\t\t\t\t<div class=\"elementor-element elementor-element-277a150 elementor-widget elementor-widget-text-editor\" data-id=\"277a150\" data-element_type=\"widget\" data-widget_type=\"text-editor.default\">\n\t\t\t\t<div class=\"elementor-widget-container\">\n\t\t\t\t\t\t\t\t\t<h3 class=\"mb-3\">Evita gli incidenti stradali<\/h3><p class=\"mb-4\">L&#8217;auto \u00e8 un altro fattore della guida, e come tali, buoni consigli per la manutenzione lo sono molto importante. Ogni guidatore dovrebbe sapere come prendersi cura di lui\/lei veicolo a causa di un malfunzionamento l&#8217;auto \u00e8 una grande minaccia sulla strada. Ogni veicolo ha molte parti e il corretto funzionamento di tutti queste parti conduce a un bene macchina funzionante. Inoltre, il malfunzionamento di uno qualsiasi di questi le parti lo faranno sicuramente comportare l&#8217;invalidit\u00e0 del veicolo o peggio ancora, se un&#8217;auto si ferma lavorando in mezzo al strada, pu\u00f2 portare a finanziaria o anche situazioni di pericolo di vita.<\/p>\t\t\t\t\t\t\t\t<\/div>\n\t\t\t\t<\/div>\n\t\t\t\t<\/div>\n\t\t\t\t\t<\/div>\n\t\t\t\t<\/div>\n\t\t\t\t<section class=\"elementor-section elementor-top-section elementor-element elementor-element-fdb1e5e elementor-section-boxed elementor-section-height-default elementor-section-height-default\" data-id=\"fdb1e5e\" data-element_type=\"section\" data-settings=\"{&quot;shape_divider_top&quot;:&quot;opacity-tilt&quot;,&quot;background_background&quot;:&quot;classic&quot;}\">\n\t\t\t\t\t\t\t<div class=\"elementor-background-overlay\"><\/div>\n\t\t\t\t\t\t<div class=\"elementor-shape elementor-shape-top\" aria-hidden=\"true\" data-negative=\"false\">\n\t\t\t<svg xmlns=\"http:\/\/www.w3.org\/2000\/svg\" viewBox=\"0 0 2600 131.1\" preserveAspectRatio=\"none\">\n\t<path class=\"elementor-shape-fill\" d=\"M0 0L2600 0 2600 69.1 0 0z\"\/>\n\t<path class=\"elementor-shape-fill\" style=\"opacity:0.5\" d=\"M0 0L2600 0 2600 69.1 0 69.1z\"\/>\n\t<path class=\"elementor-shape-fill\" style=\"opacity:0.25\" d=\"M2600 0L0 0 0 130.1 2600 69.1z\"\/>\n<\/svg>\t\t<\/div>\n\t\t\t\t\t<div class=\"elementor-container elementor-column-gap-no\">\n\t\t\t\t\t<div class=\"elementor-column elementor-col-100 elementor-top-column elementor-element elementor-element-ad7e385\" data-id=\"ad7e385\" data-element_type=\"column\" data-settings=\"{&quot;background_background&quot;:&quot;gradient&quot;}\">\n\t\t\t<div class=\"elementor-widget-wrap elementor-element-populated\">\n\t\t\t\t\t\t<div class=\"elementor-element elementor-element-8098feb elementor-widget elementor-widget-wpforms\" data-id=\"8098feb\" data-element_type=\"widget\" data-widget_type=\"wpforms.default\">\n\t\t\t\t<div class=\"elementor-widget-container\">\n\t\t\t\t\t<div class=\"wpforms-container inline-fields\" id=\"wpforms-8\"><form id=\"wpforms-form-8\" class=\"wpforms-validate wpforms-form\" data-formid=\"8\" method=\"post\" enctype=\"multipart\/form-data\" action=\"\/index.php\/wp-json\/wp\/v2\/pages\/939\" data-token=\"8da963cd9c441aead3cd380237a6fd39\" data-token-time=\"1775436995\"><noscript class=\"wpforms-error-noscript\">Please enable JavaScript in your browser to complete this form.<\/noscript><div class=\"wpforms-field-container\"><div id=\"wpforms-8-field_0-container\" class=\"wpforms-field wpforms-field-name\" data-field-id=\"0\"><label class=\"wpforms-field-label wpforms-label-hide\" for=\"wpforms-8-field_0\">Nome <span class=\"wpforms-required-label\">*<\/span><\/label><input type=\"text\" id=\"wpforms-8-field_0\" class=\"wpforms-field-medium wpforms-field-required\" name=\"wpforms[fields][0]\" placeholder=\"Inserisci il tuo nome e cognome\" required><\/div><div id=\"wpforms-8-field_4-container\" class=\"wpforms-field wpforms-field-text\" data-field-id=\"4\"><label class=\"wpforms-field-label wpforms-label-hide\" for=\"wpforms-8-field_4\">Numero di telefono<\/label><input type=\"text\" id=\"wpforms-8-field_4\" class=\"wpforms-field-medium\" name=\"wpforms[fields][4]\" placeholder=\"Numero di telefono\" ><\/div><\/div><!-- .wpforms-field-container --><div class=\"wpforms-submit-container\" ><input type=\"hidden\" name=\"wpforms[id]\" value=\"8\"><input type=\"hidden\" name=\"page_title\" value=\"\"><input type=\"hidden\" name=\"page_url\" value=\"https:\/\/siautoscula.it\/index.php\/wp-json\/wp\/v2\/pages\/939\"><input type=\"hidden\" name=\"url_referer\" value=\"\"><button type=\"submit\" name=\"wpforms[submit]\" id=\"wpforms-submit-8\" class=\"wpforms-submit\" data-alt-text=\"Invio...\" data-submit-text=\"Inviare\" aria-live=\"assertive\" value=\"wpforms-submit\">Inviare<\/button><\/div><\/form><\/div>  <!-- .wpforms-container -->\t\t\t\t<\/div>\n\t\t\t\t<\/div>\n\t\t\t\t\t<\/div>\n\t\t<\/div>\n\t\t\t\t\t<\/div>\n\t\t<\/section>\n\t\t\t\t<\/div>\n\t\t","protected":false},"excerpt":{"rendered":"<p>servizi \/\/SERVIZI \/\/ Esplora i nostri servizi esperienza tanto necessaria esperienza tanto necessaria Anche la teoria dell&#8217;apprendimento \u00e8 rilevante. Una buona la conoscenza del codice della strada pu\u00f2 fornire al potenziale guidatore a migliore comprensione del complesso arte di guidare. Anche le autoscuole offrire ulteriori test di teoria a testare la conoscenza del potenziale autisti. &hellip;<\/p>\n<p class=\"read-more\"> <a class=\"\" href=\"https:\/\/siautoscula.it\/index.php\/services\/\"> <span class=\"screen-reader-text\">SERVIZI<\/span> Read More &raquo;<\/a><\/p>\n","protected":false},"author":1,"featured_media":0,"parent":0,"menu_order":0,"comment_status":"closed","ping_status":"closed","template":"","meta":{"site-sidebar-layout":"no-sidebar","site-content-layout":"page-builder","ast-site-content-layout":"","site-content-style":"default","site-sidebar-style":"default","ast-global-header-display":"","ast-banner-title-visibility":"","ast-main-header-display":"","ast-hfb-above-header-display":"","ast-hfb-below-header-display":"","ast-hfb-mobile-header-display":"","site-post-title":"disabled","ast-breadcrumbs-content":"disabled","ast-featured-img":"disabled","footer-sml-layout":"","theme-transparent-header-meta":"enabled","adv-header-id-meta":"","stick-header-meta":"","header-above-stick-meta":"","header-main-stick-meta":"","header-below-stick-meta":"","astra-migrate-meta-layouts":"","footnotes":""},"class_list":["post-939","page","type-page","status-publish","hentry"],"yoast_head":"<!-- This site is optimized with the Yoast SEO plugin v21.2 - https:\/\/yoast.com\/wordpress\/plugins\/seo\/ -->\n<title>SERVIZI - SIAUTOSCUOLA<\/title>\n<meta name=\"robots\" content=\"index, follow, max-snippet:-1, max-image-preview:large, max-video-preview:-1\" \/>\n<link rel=\"canonical\" href=\"https:\/\/siautoscula.it\/index.php\/services\/\" \/>\n<meta property=\"og:locale\" content=\"en_GB\" \/>\n<meta property=\"og:type\" content=\"article\" \/>\n<meta property=\"og:title\" content=\"SERVIZI - SIAUTOSCUOLA\" \/>\n<meta property=\"og:description\" content=\"servizi \/\/SERVIZI \/\/ Esplora i nostri servizi esperienza tanto necessaria esperienza tanto necessaria Anche la teoria dell&#8217;apprendimento \u00e8 rilevante. Una buona la conoscenza del codice della strada pu\u00f2 fornire al potenziale guidatore a migliore comprensione del complesso arte di guidare. Anche le autoscuole offrire ulteriori test di teoria a testare la conoscenza del potenziale autisti. &hellip; SERVIZI Read More &raquo;\" \/>\n<meta property=\"og:url\" content=\"https:\/\/siautoscula.it\/index.php\/services\/\" \/>\n<meta property=\"og:site_name\" content=\"SIAUTOSCUOLA\" \/>\n<meta property=\"article:modified_time\" content=\"2025-06-10T16:57:45+00:00\" \/>\n<meta property=\"og:image\" content=\"https:\/\/siautoscula.it\/wp-content\/uploads\/2023\/09\/service-1.jpg\" \/>\n<meta name=\"twitter:card\" content=\"summary_large_image\" \/>\n<meta name=\"twitter:label1\" content=\"Estimated reading time\" \/>\n\t<meta name=\"twitter:data1\" content=\"3 minutes\" \/>\n<script type=\"application\/ld+json\" class=\"yoast-schema-graph\">{\"@context\":\"https:\/\/schema.org\",\"@graph\":[{\"@type\":\"WebPage\",\"@id\":\"https:\/\/siautoscula.it\/index.php\/services\/\",\"url\":\"https:\/\/siautoscula.it\/index.php\/services\/\",\"name\":\"SERVIZI - SIAUTOSCUOLA\",\"isPartOf\":{\"@id\":\"https:\/\/springgreen-kangaroo-868539.hostingersite.com\/#website\"},\"datePublished\":\"2021-06-12T04:25:44+00:00\",\"dateModified\":\"2025-06-10T16:57:45+00:00\",\"breadcrumb\":{\"@id\":\"https:\/\/siautoscula.it\/index.php\/services\/#breadcrumb\"},\"inLanguage\":\"en-GB\",\"potentialAction\":[{\"@type\":\"ReadAction\",\"target\":[\"https:\/\/siautoscula.it\/index.php\/services\/\"]}]},{\"@type\":\"BreadcrumbList\",\"@id\":\"https:\/\/siautoscula.it\/index.php\/services\/#breadcrumb\",\"itemListElement\":[{\"@type\":\"ListItem\",\"position\":1,\"name\":\"Accueil\",\"item\":\"https:\/\/siautoscula.it\/\"},{\"@type\":\"ListItem\",\"position\":2,\"name\":\"SERVIZI\"}]},{\"@type\":\"WebSite\",\"@id\":\"https:\/\/springgreen-kangaroo-868539.hostingersite.com\/#website\",\"url\":\"https:\/\/springgreen-kangaroo-868539.hostingersite.com\/\",\"name\":\"siautoscula\",\"description\":\"\",\"potentialAction\":[{\"@type\":\"SearchAction\",\"target\":{\"@type\":\"EntryPoint\",\"urlTemplate\":\"https:\/\/springgreen-kangaroo-868539.hostingersite.com\/?s={search_term_string}\"},\"query-input\":\"required name=search_term_string\"}],\"inLanguage\":\"en-GB\"}]}<\/script>\n<!-- \/ Yoast SEO plugin. -->","yoast_head_json":{"title":"SERVIZI - SIAUTOSCUOLA","robots":{"index":"index","follow":"follow","max-snippet":"max-snippet:-1","max-image-preview":"max-image-preview:large","max-video-preview":"max-video-preview:-1"},"canonical":"https:\/\/siautoscula.it\/index.php\/services\/","og_locale":"en_GB","og_type":"article","og_title":"SERVIZI - SIAUTOSCUOLA","og_description":"servizi \/\/SERVIZI \/\/ Esplora i nostri servizi esperienza tanto necessaria esperienza tanto necessaria Anche la teoria dell&#8217;apprendimento \u00e8 rilevante. Una buona la conoscenza del codice della strada pu\u00f2 fornire al potenziale guidatore a migliore comprensione del complesso arte di guidare. Anche le autoscuole offrire ulteriori test di teoria a testare la conoscenza del potenziale autisti. &hellip; SERVIZI Read More &raquo;","og_url":"https:\/\/siautoscula.it\/index.php\/services\/","og_site_name":"SIAUTOSCUOLA","article_modified_time":"2025-06-10T16:57:45+00:00","og_image":[{"url":"https:\/\/siautoscula.it\/wp-content\/uploads\/2023\/09\/service-1.jpg"}],"twitter_card":"summary_large_image","twitter_misc":{"Estimated reading time":"3 minutes"},"schema":{"@context":"https:\/\/schema.org","@graph":[{"@type":"WebPage","@id":"https:\/\/siautoscula.it\/index.php\/services\/","url":"https:\/\/siautoscula.it\/index.php\/services\/","name":"SERVIZI - SIAUTOSCUOLA","isPartOf":{"@id":"https:\/\/springgreen-kangaroo-868539.hostingersite.com\/#website"},"datePublished":"2021-06-12T04:25:44+00:00","dateModified":"2025-06-10T16:57:45+00:00","breadcrumb":{"@id":"https:\/\/siautoscula.it\/index.php\/services\/#breadcrumb"},"inLanguage":"en-GB","potentialAction":[{"@type":"ReadAction","target":["https:\/\/siautoscula.it\/index.php\/services\/"]}]},{"@type":"BreadcrumbList","@id":"https:\/\/siautoscula.it\/index.php\/services\/#breadcrumb","itemListElement":[{"@type":"ListItem","position":1,"name":"Accueil","item":"https:\/\/siautoscula.it\/"},{"@type":"ListItem","position":2,"name":"SERVIZI"}]},{"@type":"WebSite","@id":"https:\/\/springgreen-kangaroo-868539.hostingersite.com\/#website","url":"https:\/\/springgreen-kangaroo-868539.hostingersite.com\/","name":"siautoscula","description":"","potentialAction":[{"@type":"SearchAction","target":{"@type":"EntryPoint","urlTemplate":"https:\/\/springgreen-kangaroo-868539.hostingersite.com\/?s={search_term_string}"},"query-input":"required name=search_term_string"}],"inLanguage":"en-GB"}]}},"_links":{"self":[{"href":"https:\/\/siautoscula.it\/index.php\/wp-json\/wp\/v2\/pages\/939","targetHints":{"allow":["GET"]}}],"collection":[{"href":"https:\/\/siautoscula.it\/index.php\/wp-json\/wp\/v2\/pages"}],"about":[{"href":"https:\/\/siautoscula.it\/index.php\/wp-json\/wp\/v2\/types\/page"}],"author":[{"embeddable":true,"href":"https:\/\/siautoscula.it\/index.php\/wp-json\/wp\/v2\/users\/1"}],"replies":[{"embeddable":true,"href":"https:\/\/siautoscula.it\/index.php\/wp-json\/wp\/v2\/comments?post=939"}],"version-history":[{"count":14,"href":"https:\/\/siautoscula.it\/index.php\/wp-json\/wp\/v2\/pages\/939\/revisions"}],"predecessor-version":[{"id":1200,"href":"https:\/\/siautoscula.it\/index.php\/wp-json\/wp\/v2\/pages\/939\/revisions\/1200"}],"wp:attachment":[{"href":"https:\/\/siautoscula.it\/index.php\/wp-json\/wp\/v2\/media?parent=939"}],"curies":[{"name":"wp","href":"https:\/\/api.w.org\/{rel}","templated":true}]}}